{"id":339272,"date":"2025-08-05T13:05:52","date_gmt":"2025-08-05T13:05:52","guid":{"rendered":"https:\/\/shop.proamk.de\/?page_id=339272"},"modified":"2025-09-01T09:45:43","modified_gmt":"2025-09-01T09:45:43","slug":"339272-2","status":"publish","type":"page","link":"https:\/\/shop.proamk.de\/?page_id=339272","title":{"rendered":"Haftungsausschluss"},"content":{"rendered":"<p>[et_pb_section fb_built=&#8220;1&#8243; _builder_version=&#8220;4.27.4&#8243; _module_preset=&#8220;default&#8220; background_image=&#8220;https:\/\/shop.proamk.de\/wp-content\/uploads\/2025\/08\/200.jpg&#8220; global_colors_info=&#8220;{}&#8220;][et_pb_row _builder_version=&#8220;4.27.4&#8243; _module_preset=&#8220;default&#8220; global_colors_info=&#8220;{}&#8220;][et_pb_column type=&#8220;4_4&#8243; _builder_version=&#8220;4.27.4&#8243; _module_preset=&#8220;default&#8220; global_colors_info=&#8220;{}&#8220;][et_pb_heading title=&#8220;Haftungsausschluss&#8220; _builder_version=&#8220;4.27.4&#8243; _module_preset=&#8220;default&#8220; title_font=&#8220;|700||on|||||&#8220; title_text_align=&#8220;right&#8220; title_text_color=&#8220;#FFFFFF&#8220; title_font_size=&#8220;50px&#8220; hover_enabled=&#8220;0&#8243; global_colors_info=&#8220;{}&#8220; title_font_size_last_edited=&#8220;on|phone&#8220; title_font_size_phone=&#8220;26px&#8220; sticky_enabled=&#8220;0&#8243; title_font_size_tablet=&#8220;50px&#8220;][\/et_pb_heading][\/et_pb_column][\/et_pb_row][\/et_pb_section][et_pb_section fb_built=&#8220;1&#8243; _builder_version=&#8220;4.27.4&#8243; _module_preset=&#8220;default&#8220; global_colors_info=&#8220;{}&#8220;][et_pb_row _builder_version=&#8220;4.27.4&#8243; _module_preset=&#8220;default&#8220; global_colors_info=&#8220;{}&#8220;][et_pb_column type=&#8220;4_4&#8243; _builder_version=&#8220;4.27.4&#8243; _module_preset=&#8220;default&#8220; global_colors_info=&#8220;{}&#8220;][et_pb_text _builder_version=&#8220;4.27.4&#8243; _module_preset=&#8220;default&#8220; text_text_color=&#8220;#000000&#8243; global_colors_info=&#8220;{}&#8220;]<\/p>\n<p style=\"text-align: justify;\">f\u00fcr die Websites www.proamk.de und www.shop.proamk.de<br \/>Stand: 05. April 2025<\/p>\n<p style=\"text-align: justify;\">Die PROAMK.DE bem\u00fcht sich, auf ihren Websites www.proamk.de und www.shop.proamk.de stets aktuelle, korrekte und vollst\u00e4ndige Informationen bereitzustellen. Dennoch \u00fcbernehmen wir im Rahmen der gesetzlichen Bestimmungen folgende Klarstellungen zur Haftung:<\/p>\n<p style=\"text-align: justify;\"><strong>1. Haftung f\u00fcr Inhalte<\/strong><\/p>\n<p style=\"text-align: justify;\">Die Inhalte dieser Websites wurden sorgf\u00e4ltig erstellt und werden regelm\u00e4\u00dfig aktualisiert. F\u00fcr die Richtigkeit, Vollst\u00e4ndigkeit und Aktualit\u00e4t der bereitgestellten Informationen \u00fcbernehmen wir jedoch keine Gew\u00e4hr.<\/p>\n<p style=\"text-align: justify;\">Gem\u00e4\u00df \u00a7 7 Abs. 1 TMG sind wir als Dienstanbieter f\u00fcr eigene Inhalte auf diesen Seiten nach den allgemeinen Gesetzen verantwortlich. Nach \u00a7\u00a7 8 bis 10 TMG sind wir als Diensteanbieter jedoch nicht verpflichtet, \u00fcbermittelte oder gespeicherte fremde Informationen zu \u00fcberwachen oder nach Umst\u00e4nden zu forschen, die auf eine rechtswidrige T\u00e4tigkeit hinweisen.<\/p>\n<p style=\"text-align: justify;\">Sobald uns eine konkrete Rechtsverletzung bekannt wird, werden wir den entsprechenden Inhalt unverz\u00fcglich entfernen oder sperren.<\/p>\n<p style=\"text-align: justify;\"><strong>2. Haftung f\u00fcr Links<\/strong><\/p>\n<p style=\"text-align: justify;\">Unsere Websites enthalten Links zu externen Webseiten Dritter. Auf deren Inhalte haben wir keinerlei Einfluss. Daher \u00fcbernehmen wir keine Haftung f\u00fcr die Inhalte, Verf\u00fcgbarkeit, Richtigkeit oder Rechtm\u00e4\u00dfigkeit dieser fremden Websites.<\/p>\n<p style=\"text-align: justify;\">Die verlinkten Seiten wurden zum Zeitpunkt der Verlinkung auf m\u00f6gliche Rechtsverst\u00f6\u00dfe \u00fcberpr\u00fcft. Es wurden keine rechtswidrigen Inhalte festgestellt. Eine st\u00e4ndige inhaltliche Kontrolle der verlinkten Seiten ist jedoch ohne konkrete Anhaltspunkte nicht zumutbar.<\/p>\n<p style=\"text-align: justify;\">F\u00fcr alle verlinkten Inhalte liegt die Verantwortung ausschlie\u00dflich bei den jeweiligen Betreibern.<\/p>\n<p style=\"text-align: justify;\"><strong>3. Produkthinweise und technische Informationen<\/strong><\/p>\n<p style=\"text-align: justify;\">Die auf unseren Seiten bereitgestellten technischen Daten, Produktbeschreibungen, Bilder und Anleitungen dienen der Information und Auswahl. Wir \u00fcbernehmen keine Gew\u00e4hr daf\u00fcr, dass:<\/p>\n<p style=\"text-align: justify;\">die technischen Angaben zu 100 % mit der gelieferten Ware \u00fcbereinstimmen,<br \/>Produktbilder exakt dem Lieferumfang entsprechen (z.\u202fB. Zubeh\u00f6r, Farbe, Gr\u00f6\u00dfe),<br \/>Anleitungen oder Montagehinweise f\u00fcr jede individuelle Situation geeignet sind.<br \/>Wichtiger Hinweis:<br \/>Bei der Installation von Produkten im Bereich Photovoltaik, Elektrotechnik oder Energiespeicherung m\u00fcssen stets zugelassene Fachkr\u00e4fte (z.\u202fB. Elektroinstallateure) eingeschaltet werden. Wir \u00fcbernehmen keine Haftung f\u00fcr Sch\u00e4den, die durch unsachgem\u00e4\u00dfe Installation, Eigenmontage oder Verwendung entstehen.<\/p>\n<p style=\"text-align: justify;\"><strong>4. Haftung bei Sch\u00e4den (Produkthaftung, Gew\u00e4hrleistung)<\/strong><\/p>\n<p style=\"text-align: justify;\">(1) Die Haftung der PROAMK GmbH richtet sich nach den gesetzlichen Vorschriften, insbesondere dem B\u00fcrgerlichen Gesetzbuch (BGB) und dem Produkthaftungsgesetz (ProdHaftG).<\/p>\n<p style=\"text-align: justify;\">(2) Schadensersatzanspr\u00fcche gegen die PROAMK GmbH \u2013 gleich aus welchem Rechtsgrund \u2013 sind ausgeschlossen, soweit nicht Vorsatz oder grobe Fahrl\u00e4ssigkeit vorliegt.<\/p>\n<p style=\"text-align: justify;\">(3) Bei leichter Fahrl\u00e4ssigkeit haften wir:<br \/>nur bei Verletzung einer wesentlichen Vertragspflicht (sog. \u201eKardinalpflicht\u201c),<br \/>jedoch beschr\u00e4nkt auf den vorhersehbaren, typischerweise eintretenden Schaden.<br \/>(4) Die Haftung f\u00fcr entgangenen Gewinn, Folgesch\u00e4den oder Datenverluste ist ausgeschlossen, soweit nicht zwingend gesetzlich vorgesehen.<\/p>\n<p style=\"text-align: justify;\">(5) Die vorstehenden Haftungsausschl\u00fcsse gelten nicht bei Verletzung von Leben, K\u00f6rper oder Gesundheit sowie bei Anspr\u00fcchen nach dem Produkthaftungsgesetz.<\/p>\n<p style=\"text-align: justify;\"><strong>5. Haftung im Onlineshop und bei Zahlungsabwicklung<\/strong><\/p>\n<p style=\"text-align: justify;\">(1) Wir \u00fcbernehmen keine Haftung f\u00fcr:<\/p>\n<p style=\"text-align: justify;\">technische St\u00f6rungen im Bestellprozess,<br \/>versp\u00e4tete oder fehlgeschlagene Zahlungen durch Drittanbieter (z.\u202fB. PayPal, Klarna, Mondu, easyCredit),<br \/>Bonit\u00e4tsentscheidungen durch Zahlungsdienstleister.<br \/>(2) Die Zahlungsabwicklung erfolgt \u00fcber externe Dienstleister. F\u00fcr deren Systeme und Entscheidungen \u00fcbernehmen wir keine Verantwortung.<\/p>\n<p style=\"text-align: justify;\"><strong>6. Barrierefreiheit und technische Funktion<\/strong><\/p>\n<p style=\"text-align: justify;\">Trotz gr\u00f6\u00dfter Sorgfalt kann nicht gew\u00e4hrleistet werden, dass alle Inhalte unserer Websites f\u00fcr Personen mit Behinderung vollst\u00e4ndig zug\u00e4nglich sind. Wir bem\u00fchen uns nach bestem Wissen um Barrierefreiheit gem\u00e4\u00df WCAG 2.1 Level AA und der EU-Richtlinie (EU) 2016\/2102.<\/p>\n<p style=\"text-align: justify;\">Technische Einschr\u00e4nkungen (z.\u202fB. durch Browser, Ger\u00e4te oder Drittanbieter-Skripte) k\u00f6nnen die Darstellung oder Bedienbarkeit beeintr\u00e4chtigen. Eine vollst\u00e4ndige Haftung f\u00fcr Funktionsausf\u00e4lle aufgrund solcher Faktoren ist ausgeschlossen.<\/p>\n<p style=\"text-align: justify;\"><strong>7. Verf\u00fcgbarkeit der Website<\/strong><\/p>\n<p style=\"text-align: justify;\">Wir bem\u00fchen uns um eine m\u00f6glichst unterbrechungsfreie Verf\u00fcgbarkeit unserer Websites. Dennoch \u00fcbernehmen wir keine Haftung f\u00fcr zeitweilige technische Ausf\u00e4lle, Serverst\u00f6rungen, Wartungsarbeiten oder Angriffe von au\u00dfen (z.\u202fB. DDoS), die zu einer vor\u00fcbergehenden Nichtverf\u00fcgbarkeit f\u00fchren k\u00f6nnen.<\/p>\n<p style=\"text-align: justify;\"><strong>8. Nutzung auf eigene Gefahr<\/strong><\/p>\n<p style=\"text-align: justify;\">Die Nutzung der Websites www.proamk.de und www.shop.proamk.de erfolgt auf eigene Gefahr. Wir \u00fcbernehmen keine Haftung f\u00fcr Sch\u00e4den, die durch die Nutzung der bereitgestellten Informationen, Downloads oder interaktiven Funktionen entstehen \u2013 es sei denn, diese beruhen auf Vorsatz oder grober Fahrl\u00e4ssigkeit unsererseits.<\/p>\n<p style=\"text-align: justify;\"><strong>9. Salvatorische Klausel<\/strong><\/p>\n<p style=\"text-align: justify;\">Sollte eine Bestimmung dieses Haftungsausschlusses unwirksam sein oder werden, bleibt die Wirksamkeit der \u00fcbrigen Bestimmungen unber\u00fchrt. Die Parteien werden eine wirksame Regelung vereinbaren, die dem wirtschaftlichen Zweck der unwirksamen Klausel m\u00f6glichst nahekommt.<\/p>\n<p style=\"text-align: justify;\">Ihre PROAMK GmbH<br \/>Philipp Wolf<br \/>Ahornring 10<br \/>38468 Ehra-Lessien<br \/>www.proamk.de \u2013 shop.proamk.de<\/p>\n<p>[\/et_pb_text][\/et_pb_column][\/et_pb_row][\/et_pb_section]<\/p>\n","protected":false},"excerpt":{"rendered":"<p>f\u00fcr die Websites www.proamk.de und www.shop.proamk.deStand: 05. April 2025 Die PROAMK.DE bem\u00fcht sich, auf ihren Websites www.proamk.de und www.shop.proamk.de stets aktuelle, korrekte und vollst\u00e4ndige Informationen bereitzustellen. Dennoch \u00fcbernehmen wir im Rahmen der gesetzlichen Bestimmungen folgende Klarstellungen zur Haftung: 1. Haftung f\u00fcr Inhalte Die Inhalte dieser Websites wurden sorgf\u00e4ltig erstellt und werden regelm\u00e4\u00dfig aktualisiert. F\u00fcr die [&hellip;]<\/p>\n","protected":false},"author":1,"featured_media":0,"parent":0,"menu_order":0,"comment_status":"closed","ping_status":"closed","template":"","meta":{"_et_pb_use_builder":"on","_et_pb_old_content":"","_et_gb_content_width":"","footnotes":""},"class_list":["post-339272","page","type-page","status-publish","hentry"],"_links":{"self":[{"href":"https:\/\/shop.proamk.de\/index.php?rest_route=\/wp\/v2\/pages\/339272","targetHints":{"allow":["GET"]}}],"collection":[{"href":"https:\/\/shop.proamk.de\/index.php?rest_route=\/wp\/v2\/pages"}],"about":[{"href":"https:\/\/shop.proamk.de\/index.php?rest_route=\/wp\/v2\/types\/page"}],"author":[{"embeddable":true,"href":"https:\/\/shop.proamk.de\/index.php?rest_route=\/wp\/v2\/users\/1"}],"replies":[{"embeddable":true,"href":"https:\/\/shop.proamk.de\/index.php?rest_route=%2Fwp%2Fv2%2Fcomments&post=339272"}],"version-history":[{"count":4,"href":"https:\/\/shop.proamk.de\/index.php?rest_route=\/wp\/v2\/pages\/339272\/revisions"}],"predecessor-version":[{"id":339725,"href":"https:\/\/shop.proamk.de\/index.php?rest_route=\/wp\/v2\/pages\/339272\/revisions\/339725"}],"wp:attachment":[{"href":"https:\/\/shop.proamk.de\/index.php?rest_route=%2Fwp%2Fv2%2Fmedia&parent=339272"}],"curies":[{"name":"wp","href":"https:\/\/api.w.org\/{rel}","templated":true}]}}