{"id":338969,"date":"2025-08-02T08:54:31","date_gmt":"2025-08-02T08:54:31","guid":{"rendered":"https:\/\/shop.proamk.de\/?page_id=338969"},"modified":"2025-08-06T11:14:08","modified_gmt":"2025-08-06T11:14:08","slug":"widerrufsbelehrung","status":"publish","type":"page","link":"https:\/\/shop.proamk.de\/?page_id=338969","title":{"rendered":"Widerrufsbelehrung"},"content":{"rendered":"<p>[et_pb_section fb_built=&#8220;1&#8243; theme_builder_area=&#8220;post_content&#8220; _builder_version=&#8220;4.27.4&#8243; _module_preset=&#8220;default&#8220; title_text=&#8220;200&#8243; background_image=&#8220;https:\/\/shop.proamk.de\/wp-content\/uploads\/2025\/08\/200.jpg&#8220; custom_padding=&#8220;||275px|||&#8220;][et_pb_row _builder_version=&#8220;4.27.4&#8243; _module_preset=&#8220;default&#8220; theme_builder_area=&#8220;post_content&#8220;][et_pb_column _builder_version=&#8220;4.27.4&#8243; _module_preset=&#8220;default&#8220; type=&#8220;4_4&#8243; theme_builder_area=&#8220;post_content&#8220;][et_pb_heading title=&#8220;Widerrufsbelehrung f\u00fcr Kaufvertr\u00e4ge&#8220; _builder_version=&#8220;4.27.4&#8243; _module_preset=&#8220;default&#8220; theme_builder_area=&#8220;post_content&#8220; title_font=&#8220;|700||on|||||&#8220; title_text_color=&#8220;#FFFFFF&#8220; hover_enabled=&#8220;0&#8243; sticky_enabled=&#8220;0&#8243; title_text_align=&#8220;right&#8220; title_font_size=&#8220;50px&#8220; title_font_size_last_edited=&#8220;on|phone&#8220; custom_margin=&#8220;||||false|false&#8220; custom_padding=&#8220;115px||||false|false&#8220; custom_margin_last_edited=&#8220;on|phone&#8220; custom_padding_last_edited=&#8220;on|phone&#8220; title_font_size_tablet=&#8220;37px&#8220; title_font_size_phone=&#8220;29px&#8220; custom_padding_phone=&#8220;149px||||false|false&#8220; custom_margin_tablet=&#8220;||||false|false&#8220; custom_margin_phone=&#8220;||||false|false&#8220; custom_padding_tablet=&#8220;115px||||false|false&#8220;][\/et_pb_heading][\/et_pb_column][\/et_pb_row][\/et_pb_section][et_pb_section fb_built=&#8220;1&#8243; theme_builder_area=&#8220;post_content&#8220; _builder_version=&#8220;4.27.4&#8243; _module_preset=&#8220;default&#8220;][et_pb_row _builder_version=&#8220;4.27.4&#8243; _module_preset=&#8220;default&#8220; theme_builder_area=&#8220;post_content&#8220;][et_pb_column _builder_version=&#8220;4.27.4&#8243; _module_preset=&#8220;default&#8220; type=&#8220;4_4&#8243; theme_builder_area=&#8220;post_content&#8220;][et_pb_text _builder_version=&#8220;4.27.4&#8243; _module_preset=&#8220;default&#8220; theme_builder_area=&#8220;post_content&#8220; text_text_color=&#8220;#000000&#8243; hover_enabled=&#8220;0&#8243; sticky_enabled=&#8220;0&#8243;]<\/p>\n<p style=\"text-align: justify;\">(g\u00fcltig f\u00fcr www.proamk.de und www.shop.proamk.de)<\/p>\n<p style=\"text-align: justify;\">Wer hat ein Widerrufsrecht?<br \/>Das Widerrufsrecht gilt ausschlie\u00dflich f\u00fcr Verbraucher gem\u00e4\u00df \u00a7 13 BGB.<br \/>Verbraucher ist jede nat\u00fcrliche Person, die bei Vertragsschluss \u00fcberwiegend weder in ihrer gewerblichen noch in ihrer selbstst\u00e4ndigen beruflichen T\u00e4tigkeit handelt.<\/p>\n<p style=\"text-align: justify;\"><strong>1. Widerrufsrecht<\/strong><\/p>\n<p style=\"text-align: justify;\">Sie haben das Recht, diesen Vertrag innerhalb von 14 Tagen ohne Angabe von Gr\u00fcnden zu widerrufen.<\/p>\n<p style=\"text-align: justify;\">Die Widerrufsfrist betr\u00e4gt 14 Tage ab dem Tag, an dem Sie oder ein von Ihnen benannter Dritter (au\u00dfer dem Bef\u00f6rderer) die letzte Ware in Besitz genommen haben.<\/p>\n<p style=\"text-align: justify;\">Beispiel: Wenn Ihre Bestellung aus mehreren Paketen besteht und diese an verschiedenen Tagen geliefert werden, beginnt die Frist am Tag des Erhalts des letzten Pakets.<\/p>\n<p style=\"text-align: justify;\"><strong>2. So widerrufen Sie<\/strong><\/p>\n<p style=\"text-align: justify;\">Um Ihr Widerrufsrecht auszu\u00fcben, senden Sie uns eine eindeutige Erkl\u00e4rung (z.\u202fB. eine E-Mail, ein Brief oder das ausgef\u00fcllte Muster-Widerrufsformular) \u00fcber Ihren Entschluss, den Vertrag zu widerrufen.<\/p>\n<p style=\"text-align: justify;\">Unsere Kontaktdaten:<br \/>proAMK \u2013 Philipp Wolf<br \/>Ahornring 10<br \/>38468 Ehra-Lessien<br \/>Deutschland<br \/>&#x1f4de; Telefon: 0176 57720508<br \/>&#x1f4e7; E-Mail: info@proamk.de<\/p>\n<p style=\"text-align: justify;\">Sie k\u00f6nnen daf\u00fcr das Muster-Widerrufsformular nutzen \u2013 es ist aber nicht verpflichtend. Jede eindeutige Mitteilung (z.\u202fB. \u201eIch widerrufe meinen Kauf vom [Datum]\u201c) gen\u00fcgt.<\/p>\n<p style=\"text-align: justify;\">Die Frist ist gewahrt, wenn Sie Ihre Mitteilung vor Ablauf der 14-Tage-Frist absenden.<\/p>\n<p style=\"text-align: justify;\"><strong>3. Folgen des Widerrufs Wenn Sie den Kaufvertrag widerrufen:<\/strong><\/p>\n<p style=\"text-align: justify;\">Erstattet proAMK Ihnen alle Zahlungen, die wir von Ihnen erhalten haben, einschlie\u00dflich der Lieferkosten (au\u00dfer zus\u00e4tzliche Kosten, wenn Sie eine teurere Versandart als die von uns angebotene Standardlieferung gew\u00e4hlt haben).<br \/>Die R\u00fcckerstattung erfolgt sp\u00e4testens 14 Tage nach Eingang Ihrer Widerrufserkl\u00e4rung.<br \/>Wir nutzen dasselbe Zahlungsmittel wie bei der urspr\u00fcnglichen Zahlung \u2013 es sei denn, wir vereinbaren mit Ihnen ausdr\u00fccklich etwas anderes.<br \/>Keine Geb\u00fchren f\u00fcr die R\u00fcckerstattung werden Ihnen belastet.<br \/>Wir k\u00f6nnen die Erstattung bis zum Eingang der Ware oder bis zum Nachweis der R\u00fccksendung (je nachdem, was fr\u00fcher eintritt) zur\u00fcckhalten.<\/p>\n<p style=\"text-align: justify;\">\n<p style=\"text-align: justify;\"><strong>4. R\u00fccksendung der Ware<\/strong><\/p>\n<p style=\"text-align: justify;\">Sie senden die Ware unverz\u00fcglich und sp\u00e4testens innerhalb von 14 Tagen nach Widerruf an uns zur\u00fcck.<\/p>\n<p style=\"text-align: justify;\">Die Frist ist eingehalten, wenn Sie die Ware vor Ablauf der 14 Tage absenden.<\/p>\n<p style=\"text-align: justify;\">R\u00fccksendekosten:<\/p>\n<p style=\"text-align: justify;\">Bei paketversandf\u00e4higen Waren tragen Sie die unmittelbaren Kosten der R\u00fccksendung.<br \/>Bei nicht paketversandf\u00e4higen Waren (z.\u202fB. sperrige Artikel) tragen Sie die Kosten \u2013 diese betragen h\u00f6chstens etwa 80 EUR.<br \/>&#x1f4a1; Tipp: Vermeiden Sie Sch\u00e4den oder Verunreinigungen der Ware. Nutzen Sie ggf. die Originalverpackung. Weitere Hinweise zur R\u00fccksendung finden Sie in unserem R\u00fcckgabecenter.<\/p>\n<p style=\"text-align: justify;\">Sie m\u00fcssen nur f\u00fcr einen Wertverlust der Ware aufkommen, wenn dieser auf einen Umgang mit der Ware zur\u00fcckzuf\u00fchren ist, der \u00fcber die Pr\u00fcfung ihrer Beschaffenheit, Eigenschaften und Funktionsweise hinausgeht.<\/p>\n<p style=\"text-align: justify;\"><strong>5. Hinweis bei Finanzierung<\/strong><br \/>Wenn Sie den Kauf \u00fcber ein Darlehen finanzieren und den Kaufvertrag widerrufen, erlischt unter bestimmten Voraussetzungen auch der Darlehensvertrag. Dies gilt insbesondere, wenn:<\/p>\n<p style=\"text-align: justify;\">wir selbst Ihr Darlehensgeber sind, oder<br \/>Ihr Kreditgeber bei der Finanzierung auf unsere Vermittlung angewiesen war.<br \/>In diesen F\u00e4llen tritt Ihr Kreditgeber bei Wirksamwerden des Widerrufs in unsere Rechte und Pflichten ein. Ausnahmen gelten bei Finanzinstrumenten (z.\u202fB. Wertpapiere, Derivate).<\/p>\n<p style=\"text-align: justify;\">Wenn Ihnen auch beim Darlehen ein Widerrufsrecht zusteht, sollten Sie dieses ebenfalls nutzen, um alle vertraglichen Bindungen aufzuheben.<\/p>\n<p style=\"text-align: justify;\">&#x2705; Widerrufsbelehrung f\u00fcr Dienst- und Werkvertr\u00e4ge<br \/>(z.\u202fB. Reparaturen, individuelle Anfertigungen, Beratung)<\/p>\n<p style=\"text-align: justify;\"><strong>1. Widerrufsrecht<\/strong><br \/>Sie haben das Recht, diesen Vertrag innerhalb von 14 Tagen ohne Angabe von Gr\u00fcnden zu widerrufen.<\/p>\n<p style=\"text-align: justify;\">Die Frist beginnt am Tag des Vertragsabschlusses.<\/p>\n<p style=\"text-align: justify;\"><strong>2. Aus\u00fcbung des Widerrufs<\/strong><br \/>Informieren Sie uns wie oben beschrieben (per E-Mail, Brief oder Formular) \u00fcber Ihren Widerruf.<\/p>\n<p style=\"text-align: justify;\">Die Frist ist gewahrt, wenn Sie Ihre Mitteilung vor Ablauf der 14 Tage absenden.<\/p>\n<p style=\"text-align: justify;\"><strong>3. Folgen des Widerrufs<\/strong><br \/>Wir erstatten Ihnen alle Zahlungen sp\u00e4testens 14 Tage nach Eingang Ihres Widerrufs.<br \/>Zahlungsmittel: wie urspr\u00fcnglich genutzt, ohne zus\u00e4tzliche Geb\u00fchren.<br \/>Hinweis:<br \/>Wenn Sie ausdr\u00fccklich verlangt haben, dass wir die Dienstleistung bereits vor Ende der Widerrufsfrist beginnen (z.\u202fB. Reparatur starten), m\u00fcssen Sie uns einen angemessenen Betrag zahlen. Dieser richtet sich nach dem Anteil der bereits erbrachten Leistung im Verh\u00e4ltnis zur gesamten vereinbarten Dienstleistung.<\/p>\n<p>[\/et_pb_text][\/et_pb_column][\/et_pb_row][\/et_pb_section]<\/p>\n","protected":false},"excerpt":{"rendered":"<p>(g\u00fcltig f\u00fcr www.proamk.de und www.shop.proamk.de) Wer hat ein Widerrufsrecht?Das Widerrufsrecht gilt ausschlie\u00dflich f\u00fcr Verbraucher gem\u00e4\u00df \u00a7 13 BGB.Verbraucher ist jede nat\u00fcrliche Person, die bei Vertragsschluss \u00fcberwiegend weder in ihrer gewerblichen noch in ihrer selbstst\u00e4ndigen beruflichen T\u00e4tigkeit handelt. 1. Widerrufsrecht Sie haben das Recht, diesen Vertrag innerhalb von 14 Tagen ohne Angabe von Gr\u00fcnden zu widerrufen. [&hellip;]<\/p>\n","protected":false},"author":1,"featured_media":0,"parent":0,"menu_order":0,"comment_status":"closed","ping_status":"closed","template":"","meta":{"_et_pb_use_builder":"on","_et_pb_old_content":"","_et_gb_content_width":"","footnotes":""},"class_list":["post-338969","page","type-page","status-publish","hentry"],"_links":{"self":[{"href":"https:\/\/shop.proamk.de\/index.php?rest_route=\/wp\/v2\/pages\/338969","targetHints":{"allow":["GET"]}}],"collection":[{"href":"https:\/\/shop.proamk.de\/index.php?rest_route=\/wp\/v2\/pages"}],"about":[{"href":"https:\/\/shop.proamk.de\/index.php?rest_route=\/wp\/v2\/types\/page"}],"author":[{"embeddable":true,"href":"https:\/\/shop.proamk.de\/index.php?rest_route=\/wp\/v2\/users\/1"}],"replies":[{"embeddable":true,"href":"https:\/\/shop.proamk.de\/index.php?rest_route=%2Fwp%2Fv2%2Fcomments&post=338969"}],"version-history":[{"count":2,"href":"https:\/\/shop.proamk.de\/index.php?rest_route=\/wp\/v2\/pages\/338969\/revisions"}],"predecessor-version":[{"id":339293,"href":"https:\/\/shop.proamk.de\/index.php?rest_route=\/wp\/v2\/pages\/338969\/revisions\/339293"}],"wp:attachment":[{"href":"https:\/\/shop.proamk.de\/index.php?rest_route=%2Fwp%2Fv2%2Fmedia&parent=338969"}],"curies":[{"name":"wp","href":"https:\/\/api.w.org\/{rel}","templated":true}]}}