{"id":338968,"date":"2025-08-02T08:54:30","date_gmt":"2025-08-02T08:54:30","guid":{"rendered":"https:\/\/shop.proamk.de\/?page_id=338968"},"modified":"2025-08-28T20:14:37","modified_gmt":"2025-08-28T20:14:37","slug":"agb","status":"publish","type":"page","link":"https:\/\/shop.proamk.de\/?page_id=338968","title":{"rendered":"AGB"},"content":{"rendered":"<p>[et_pb_section fb_built=&#8220;1&#8243; _builder_version=&#8220;4.27.4&#8243; _module_preset=&#8220;default&#8220; background_image=&#8220;https:\/\/shop.proamk.de\/wp-content\/uploads\/2025\/08\/200.jpg&#8220; global_colors_info=&#8220;{}&#8220;][et_pb_row _builder_version=&#8220;4.27.4&#8243; _module_preset=&#8220;default&#8220; global_colors_info=&#8220;{}&#8220;][et_pb_column type=&#8220;4_4&#8243; _builder_version=&#8220;4.27.4&#8243; _module_preset=&#8220;default&#8220; global_colors_info=&#8220;{}&#8220;][et_pb_heading title=&#8220;AGB&#8217;s&#8220; _builder_version=&#8220;4.27.4&#8243; _module_preset=&#8220;default&#8220; title_font=&#8220;|700|||||||&#8220; title_text_color=&#8220;#FFFFFF&#8220; title_font_size=&#8220;51px&#8220; title_font_size_tablet=&#8220;51px&#8220; title_font_size_phone=&#8220;51px&#8220; title_font_size_last_edited=&#8220;on|desktop&#8220; global_colors_info=&#8220;{}&#8220;][\/et_pb_heading][\/et_pb_column][\/et_pb_row][\/et_pb_section][et_pb_section fb_built=&#8220;1&#8243; _builder_version=&#8220;4.27.4&#8243; _module_preset=&#8220;default&#8220; global_colors_info=&#8220;{}&#8220;][et_pb_row _builder_version=&#8220;4.27.4&#8243; _module_preset=&#8220;default&#8220; global_colors_info=&#8220;{}&#8220;][et_pb_column type=&#8220;4_4&#8243; _builder_version=&#8220;4.27.4&#8243; _module_preset=&#8220;default&#8220; global_colors_info=&#8220;{}&#8220;][et_pb_text _builder_version=&#8220;4.27.4&#8243; _module_preset=&#8220;default&#8220; text_text_color=&#8220;#000000&#8243; global_colors_info=&#8220;{}&#8220;]<\/p>\n<p style=\"text-align: justify;\">f\u00fcr die Websites www.proamk.de und www.shop.proamk.de<\/p>\n<p style=\"text-align: justify;\"><strong>1. Geltungsbereich<\/strong><\/p>\n<p style=\"text-align: justify;\">(1) Diese Allgemeinen Gesch\u00e4ftsbedingungen (nachfolgend \u201cAGB\u201d) der proamk.eu\u00a0 Einzelunternehmer Philipp Wolf (nachfolgend \u201cVerk\u00e4ufer\u201d), gelten f\u00fcr alle Vertr\u00e4ge \u00fcber die Lieferung von Waren, die ein Verbraucher oder Unternehmer (nachfolgend \u201eKunde\u201c) mit dem Verk\u00e4ufer hinsichtlich der vom Verk\u00e4ufer in seinem Online-Shop dargestellten Waren abschlie\u00dft. Hiermit wird der Einbeziehung von eigenen Bedingungen des Kunden widersprochen, es sei denn, es ist etwas anderes vereinbart.<\/p>\n<p style=\"text-align: justify;\">(2) F\u00fcr alle Gesch\u00e4ftsbeziehungen gelten ausschlie\u00dflich diese AGB in der zum Zeitpunkt des Vertragsschlusses g\u00fcltigen Fassung. Entgegenstehende oder abweichende Bedingungen des Bestellers werden nicht anerkannt, es sei denn, wir stimmen ihrer Geltung ausdr\u00fccklich und schriftlich zu.<\/p>\n<p style=\"text-align: justify;\">(3) Neben diesen AGB gilt unsere Datenschutzerkl\u00e4rung, die unter https:\/\/www.proamk.de\/datenschutz einsehbar ist und Bestandteil dieser Vereinbarung ist.<\/p>\n<p style=\"text-align: justify;\">(4) Im Sinne dieser AGB gilt:<\/p>\n<p style=\"text-align: justify;\">Verbraucher ist jede nat\u00fcrliche Person, die ein Rechtsgesch\u00e4ft zu Zwecken abschlie\u00dft, die weder ihrer gewerblichen noch selbst\u00e4ndigen beruflichen T\u00e4tigkeit zugerechnet werden k\u00f6nnen (\u00a7 13 BGB).<\/p>\n<p style=\"text-align: justify;\">Unternehmer ist eine nat\u00fcrliche oder juristische Person oder eine rechtsf\u00e4hige Personengesellschaft, die bei Abschluss des Vertrags in Aus\u00fcbung ihrer gewerblichen oder selbst\u00e4ndigen beruflichen T\u00e4tigkeit handelt (\u00a7 14 BGB).<\/p>\n<p style=\"text-align: justify;\">(5) Diese AGB gelten auch f\u00fcr zuk\u00fcnftige Gesch\u00e4ftsbeziehungen, auch wenn nicht ausdr\u00fccklich darauf hingewiesen wird.<\/p>\n<ol start=\"2\" style=\"text-align: justify;\">\n<li><strong> Bestellung und Vertragsabschluss<\/strong><\/li>\n<\/ol>\n<p style=\"text-align: justify;\">(1) Die Produktpr\u00e4sentation im Onlineshop stellt kein bindendes Angebot, sondern eine unverbindliche Einladung zur Abgabe einer Bestellung dar. Die Produktangaben dienen der Information und Auswahl.<\/p>\n<p style=\"text-align: justify;\">(2) Mit Absenden der Bestellung gibt der Kunde ein verbindliches Angebot zum Abschluss eines Kaufvertrags ab. Der Kunde ist an dieses Angebot 7 Werktage gebunden.<\/p>\n<p style=\"text-align: justify;\">Nach Eingang der Bestellung erhalten Sie eine automatische E-Mail zur Bestellbest\u00e4tigung.<\/p>\n<p style=\"text-align: justify;\">Bei Zahlung per Rechnung: Annahme erfolgt innerhalb von 2 Werktagen durch separate Auftragsbest\u00e4tigung oder Versand der Ware.<\/p>\n<p style=\"text-align: justify;\">Bei PayPal, Kreditkarte, Sofort\u00fcberweisung: Annahme erfolgt unmittelbar mit Zahlungseingang.<\/p>\n<p style=\"text-align: justify;\">(3) Der Vertragsschluss erfolgt unter dem Vorbehalt richtiger und rechtzeitiger Selbstbelieferung durch unsere Zulieferer, sofern die Nichtlieferung auf einem uns nicht zuzurechnenden Umstand beruht (z.\u202fB. Lieferengp\u00e4sse bei Dritten). In diesem Fall informieren wir Sie unverz\u00fcglich. Geleistete Zahlungen werden umgehend erstattet.<\/p>\n<p style=\"text-align: justify;\">(4) Speicherung des Vertragstextes:<\/p>\n<p style=\"text-align: justify;\">Wir speichern den Vertragstext. Die Bestelldaten werden Ihnen per E-Mail zugesandt. Die AGB sind jederzeit unter www.proamk.de\/agb einsehbar. Vergangene Bestellungen k\u00f6nnen Sie in Ihrem Kundenkonto einsehen oder per E-Mail anfragen.<\/p>\n<ol start=\"3\" style=\"text-align: justify;\">\n<li><strong> Preise, Versandkosten<\/strong><\/li>\n<\/ol>\n<p style=\"text-align: justify;\">(1) Alle Preise im Onlineshop sind Gesamtpreise inklusive der gesetzlichen Umsatzsteuer (zzgl. Versandkosten), sofern nicht anders gekennzeichnet. Nettopreise (ohne MwSt.) sind entsprechend als \u201enetto\u201c oder \u201ezzgl. MwSt.\u201c gekennzeichnet.<\/p>\n<p style=\"text-align: justify;\">(2) Bei Aus\u00fcbung des Widerrufsrechts \u00fcbernehmen wir die Kosten f\u00fcr die R\u00fccksendung, sofern die Standardlieferung gew\u00e4hlt wurde. Bei Speditionsware tr\u00e4gt der Kunde die R\u00fccksendekosten (zwischen 50\u2013150 \u20ac, je nach Artikel). Mehrkosten durch nicht vereinbarte Versandarten gehen zu Lasten des Kunden.<\/p>\n<ol start=\"4\" style=\"text-align: justify;\">\n<li><strong> Zahlungsbedingungen und Eigentumsvorbehalt<\/strong><\/li>\n<\/ol>\n<p style=\"text-align: justify;\">(1) Folgende Zahlungsarten stehen im Onlineshop zur Verf\u00fcgung:<\/p>\n<p style=\"text-align: justify;\">Vorkasse<\/p>\n<p style=\"text-align: justify;\">Sofort\u00fcberweisung<\/p>\n<p style=\"text-align: justify;\">Kreditkarte<\/p>\n<p style=\"text-align: justify;\">PayPal<\/p>\n<p style=\"text-align: justify;\">Kauf auf Rechnung<\/p>\n<p style=\"text-align: justify;\">SEPA-Lastschrift<\/p>\n<p style=\"text-align: justify;\">Wir behalten uns vor, einzelne Zahlungsarten je nach Bestellung oder Bonit\u00e4t nicht anzubieten.<\/p>\n<p style=\"text-align: justify;\">(2) Bei Vorkasse erhalten Sie eine E-Mail mit Bankverbindung und Zahlbetrag. Zahlung ist innerhalb von 5 Werktagen f\u00e4llig. Erst nach Gutschrift wird die Ware versandt.<\/p>\n<p style=\"text-align: justify;\">(3) Bei Sofort\u00fcberweisung (Klarna) erfolgt die Zahlung \u00fcber sicheres Online-Banking. Ihre Bankdaten werden nicht an uns \u00fcbermittelt. Die Zahlung erfolgt direkt an uns.<\/p>\n<p style=\"text-align: justify;\">(4) Bei PayPal werden Sie nach Bestellung auf die sichere Plattform weitergeleitet. Nach Zahlungsbest\u00e4tigung wird die Bestellung bearbeitet.<\/p>\n<p style=\"text-align: justify;\">(5) Bei Kreditkarte werden die Daten im sicheren Zahlungsprozess erfasst. Die Belastung erfolgt nach Vertragsannahme.<\/p>\n<p style=\"text-align: justify;\">(6) Bei Kauf auf Rechnung oder SEPA-Lastschrift (f\u00fcr gewerbliche Kunden) erfolgt eine Bonit\u00e4tspr\u00fcfung durch Mondu GmbH, Unter den Linden 16, 10117 Berlin. Bei positiver Pr\u00fcfung wird die Forderung an Mondu Capital S.\u00e0 r.l. abgetreten. Zahlung ist ausschlie\u00dflich an diesen Gl\u00e4ubiger zu leisten.<\/p>\n<p style=\"text-align: justify;\">F\u00fcr Kundenanfragen (Lieferung, Retouren, Reklamation) bleiben wir weiterhin zust\u00e4ndig.<\/p>\n<p style=\"text-align: justify;\">Sollte Mondu die Zahlung nicht freigeben, behalten wir uns Vorkasse oder eine eigene Rechnungszahlung vor. Eine Bonit\u00e4tspr\u00fcfung kann auch durch CRIF B\u00fcrgel GmbH erfolgen.<\/p>\n<p style=\"text-align: justify;\">(7) Bei Klarna Rechnung erfolgt die Abtretung der Forderung an Klarna. Zahlung ist nur an Klarna schuldbefreiend. Die AGB von Klarna gelten erg\u00e4nzend: https:\/\/www.klarna.de\/agb<\/p>\n<p style=\"text-align: justify;\">(9) Verzugszinsen betragen 8 % \u00fcber dem Basiszinssatz p.\u202fa. Pro Mahnung fallen 10 \u20ac Mahngeb\u00fchr an. Ein h\u00f6herer Schaden bleibt vorbehalten.<\/p>\n<p style=\"text-align: justify;\">(10) Bankverbindung der PROAMK GmbH:<\/p>\n<p style=\"text-align: justify;\">Kontoinhaber: Philipp Wolf<\/p>\n<p style=\"text-align: justify;\">Bank: N26 Bank<\/p>\n<p style=\"text-align: justify;\">IBAN: DE76 1001 1001 2492 1474 72<\/p>\n<p style=\"text-align: justify;\">BIC: NTSB DEB1 XXX<\/p>\n<p style=\"text-align: justify;\">(11) Unternehmer k\u00f6nnen nur mit rechtskr\u00e4ftigen oder unbestrittenen Gegenanspr\u00fcchen aufrechnen. Ein Zur\u00fcckbehaltungsrecht besteht nur bei Anspr\u00fcchen aus demselben Vertragsverh\u00e4ltnis.<\/p>\n<p style=\"text-align: justify;\">(12) Eigentumsvorbehalt:<\/p>\n<p style=\"text-align: justify;\">Die gelieferte Ware bleibt bis zur vollst\u00e4ndigen Zahlung aller Forderungen aus der Gesch\u00e4ftsbeziehung im Eigentum der PROAMK GmbH.<\/p>\n<ol start=\"5\" style=\"text-align: justify;\">\n<li><strong> Liefer- und Versandbedingungen, Gefahren\u00fcbergang<\/strong><\/li>\n<\/ol>\n<p style=\"text-align: justify;\">(1) Die Lieferung erfolgt per Paketdienst oder Spedition, je nach Artikel.<\/p>\n<p style=\"text-align: justify;\">Bei Unternehmern geht die Gefahr des zuf\u00e4lligen Untergangs oder der Verschlechterung mit Versendung oder Verlassen des Lagers auf den Kunden \u00fcber.<\/p>\n<p style=\"text-align: justify;\">Die Lieferzeit ist der Produktdetailseite oder Auftragsbest\u00e4tigung zu entnehmen.<\/p>\n<p style=\"text-align: justify;\">(2) Teillieferungen sind zul\u00e4ssig, soweit sie f\u00fcr den Kunden zumutbar sind und keine Mehrkosten verursachen.<\/p>\n<p style=\"text-align: justify;\">(3) Der Kunde ist f\u00fcr die richtige Angabe der Lieferadresse verantwortlich. Falschangaben f\u00fchren zu zus\u00e4tzlichen Versandkosten, die vom Kunden getragen werden.<\/p>\n<p style=\"text-align: justify;\">(4) R\u00fccksendekosten:<\/p>\n<p style=\"text-align: justify;\">Paketware: (1-4 Pakete) Wir \u00fcbernehmen die Kosten bei Standardlieferung.<\/p>\n<p style=\"text-align: justify;\">Speditionsware: R\u00fccksendekosten (50\u2013150 \u20ac) tr\u00e4gt der Kunde.<\/p>\n<p style=\"text-align: justify;\">(5) Bei Transportsch\u00e4den ist der Kunde verpflichtet, diese auf dem Lieferschein zu dokumentieren und vom Zusteller best\u00e4tigen zu lassen.<\/p>\n<p style=\"text-align: justify;\">(6) Verdeckte Sch\u00e4den m\u00fcssen innerhalb von 5 Werktagen nach Erhalt der Ware gemeldet werden, um Anspr\u00fcche gegen\u00fcber dem Transporteur geltend zu machen.<\/p>\n<p style=\"text-align: justify;\">(7) Hinweis zur Annahme der Lieferung:<\/p>\n<p style=\"text-align: justify;\">Bitte pr\u00fcfen Sie die Ware direkt bei Zustellung auf sichtbare Sch\u00e4den. Falls dies nicht m\u00f6glich ist, nehmen Sie die Sendung \u201eunter Vorbehalt\u201c an, um Ihre Anspr\u00fcche zu sichern.<\/p>\n<ol start=\"6\" style=\"text-align: justify;\">\n<li><strong> Widerrufsbelehrung (nur f\u00fcr Verbraucher)<\/strong><\/li>\n<\/ol>\n<p style=\"text-align: justify;\">(1) Widerrufsrecht:<\/p>\n<p style=\"text-align: justify;\">Sie haben das Recht, binnen 14 Tagen ohne Angabe von Gr\u00fcnden diesen Vertrag zu widerrufen.<\/p>\n<p style=\"text-align: justify;\">Die Frist beginnt mit Erhalt der Ware oder des letzten Teils bei Teillieferung.<\/p>\n<p style=\"text-align: justify;\">(2) Widerrufserkl\u00e4rung:<\/p>\n<p style=\"text-align: justify;\">Sie k\u00f6nnen den Widerruf per E-Mail, Brief oder Fax erkl\u00e4ren. Das Muster-Widerrufsformular steht unter <a href=\"https:\/\/shop.proamk.de\/wp-content\/uploads\/2025\/08\/WIDERRUFSFORMULAR.pdf\">https:\/\/www.proamk.de\/widerrufsformular<\/a> zur Verf\u00fcgung, ist aber nicht verpflichtend. Es gen\u00fcgt, wenn die Erkl\u00e4rung vor Ablauf der Frist versandt wird.<\/p>\n<p style=\"text-align: justify;\">(3) R\u00fcckzahlung:<\/p>\n<p style=\"text-align: justify;\">Wir erstatten alle Zahlungen innerhalb von 14 Tagen nach Eingang des Widerrufs. Das gleiche Zahlungsmittel wird verwendet. Wir k\u00f6nnen die Erstattung bis zum Eingang der Ware oder Nachweis der R\u00fccksendung zur\u00fcckhalten.<\/p>\n<p style=\"text-align: justify;\">(4) Ausschluss des Widerrufsrechts:<\/p>\n<p style=\"text-align: justify;\">Das Widerrufsrecht besteht nicht bei:<\/p>\n<p style=\"text-align: justify;\">Waren, die nach Kundenspezifikation angefertigt werden<\/p>\n<p style=\"text-align: justify;\">Verderblichen Waren<\/p>\n<p style=\"text-align: justify;\">versiegelten Produkten zur Gesundheit oder Hygiene, wenn die Versiegelung gebrochen wurde<\/p>\n<p style=\"text-align: justify;\">Waren, die mit anderen G\u00fctern untrennbar verbunden wurden<\/p>\n<p style=\"text-align: justify;\">Ton-\/Video- oder Software-Aufnahmen in versiegelter H\u00fclle nach \u00d6ffnung<\/p>\n<ol start=\"7\" style=\"text-align: justify;\">\n<li><strong> Sonstiges<\/strong><\/li>\n<\/ol>\n<p style=\"text-align: justify;\">(1) Geltendes Recht:<\/p>\n<p style=\"text-align: justify;\">Auf diese Vertr\u00e4ge findet ausschlie\u00dflich deutsches Recht Anwendung, ohne Anwendung des UN-Kaufrechts (CISG).<\/p>\n<p style=\"text-align: justify;\">(2) Gerichtsstand:<\/p>\n<p style=\"text-align: justify;\">F\u00fcr Unternehmer ist Bremen Gerichtsstand. Wir behalten uns vor, auch am Sitz des Kunden zu klagen.<\/p>\n<p style=\"text-align: justify;\">(3) Erf\u00fcllungsort:<\/p>\n<p style=\"text-align: justify;\">Unser Firmensitz in Bremen ist Erf\u00fcllungsort, sofern nichts anderes vereinbart ist.<\/p>\n<p style=\"text-align: justify;\">(4) Schriftform:<\/p>\n<p style=\"text-align: justify;\">\u00c4nderungen und Nebenabreden bed\u00fcrfen der Schriftform.<\/p>\n<p style=\"text-align: justify;\">(5) Salvatorische Klausel:<\/p>\n<p style=\"text-align: justify;\">Sollte eine Bestimmung unwirksam sein, bleibt der Rest der AGB wirksam. Die Parteien werden eine wirksame Ersatzregelung treffen.<\/p>\n<p style=\"text-align: justify;\">www.proamk.de \u2013 shop.proamk.de<\/p>\n<p>[\/et_pb_text][\/et_pb_column][\/et_pb_row][\/et_pb_section]<\/p>\n","protected":false},"excerpt":{"rendered":"<p>f\u00fcr die Websites www.proamk.de und www.shop.proamk.de 1. Geltungsbereich (1) Diese Allgemeinen Gesch\u00e4ftsbedingungen (nachfolgend \u201cAGB\u201d) der proamk.eu\u00a0 Einzelunternehmer Philipp Wolf (nachfolgend \u201cVerk\u00e4ufer\u201d), gelten f\u00fcr alle Vertr\u00e4ge \u00fcber die Lieferung von Waren, die ein Verbraucher oder Unternehmer (nachfolgend \u201eKunde\u201c) mit dem Verk\u00e4ufer hinsichtlich der vom Verk\u00e4ufer in seinem Online-Shop dargestellten Waren abschlie\u00dft. Hiermit wird der Einbeziehung von [&hellip;]<\/p>\n","protected":false},"author":1,"featured_media":0,"parent":0,"menu_order":0,"comment_status":"closed","ping_status":"closed","template":"","meta":{"_et_pb_use_builder":"on","_et_pb_old_content":"","_et_gb_content_width":"","footnotes":""},"class_list":["post-338968","page","type-page","status-publish","hentry"],"_links":{"self":[{"href":"https:\/\/shop.proamk.de\/index.php?rest_route=\/wp\/v2\/pages\/338968","targetHints":{"allow":["GET"]}}],"collection":[{"href":"https:\/\/shop.proamk.de\/index.php?rest_route=\/wp\/v2\/pages"}],"about":[{"href":"https:\/\/shop.proamk.de\/index.php?rest_route=\/wp\/v2\/types\/page"}],"author":[{"embeddable":true,"href":"https:\/\/shop.proamk.de\/index.php?rest_route=\/wp\/v2\/users\/1"}],"replies":[{"embeddable":true,"href":"https:\/\/shop.proamk.de\/index.php?rest_route=%2Fwp%2Fv2%2Fcomments&post=338968"}],"version-history":[{"count":5,"href":"https:\/\/shop.proamk.de\/index.php?rest_route=\/wp\/v2\/pages\/338968\/revisions"}],"predecessor-version":[{"id":339681,"href":"https:\/\/shop.proamk.de\/index.php?rest_route=\/wp\/v2\/pages\/338968\/revisions\/339681"}],"wp:attachment":[{"href":"https:\/\/shop.proamk.de\/index.php?rest_route=%2Fwp%2Fv2%2Fmedia&parent=338968"}],"curies":[{"name":"wp","href":"https:\/\/api.w.org\/{rel}","templated":true}]}}