{"id":338966,"date":"2025-08-02T08:54:30","date_gmt":"2025-08-02T08:54:30","guid":{"rendered":"https:\/\/shop.proamk.de\/?page_id=338966"},"modified":"2025-09-01T09:44:54","modified_gmt":"2025-09-01T09:44:54","slug":"impressum","status":"publish","type":"page","link":"https:\/\/shop.proamk.de\/?page_id=338966","title":{"rendered":"Impressum"},"content":{"rendered":"<p>[et_pb_section fb_built=&#8220;1&#8243; admin_label=&#8220;section&#8220; _builder_version=&#8220;4.27.4&#8243; background_image=&#8220;https:\/\/shop.proamk.de\/wp-content\/uploads\/2025\/08\/200.jpg&#8220; global_colors_info=&#8220;{}&#8220;][et_pb_row _builder_version=&#8220;4.27.4&#8243; _module_preset=&#8220;default&#8220; global_colors_info=&#8220;{}&#8220;][et_pb_column type=&#8220;4_4&#8243; _builder_version=&#8220;4.27.4&#8243; _module_preset=&#8220;default&#8220; global_colors_info=&#8220;{}&#8220;][et_pb_heading title=&#8220;IMPRESSUM&#8220; _builder_version=&#8220;4.27.4&#8243; _module_preset=&#8220;default&#8220; title_font=&#8220;|600||on|||||&#8220; title_text_align=&#8220;right&#8220; title_text_color=&#8220;#FFFFFF&#8220; title_font_size=&#8220;50px&#8220; title_font_tablet=&#8220;|600||on|||||&#8220; title_font_phone=&#8220;|600||on|||||&#8220; title_font_last_edited=&#8220;on|desktop&#8220; title_font_size_tablet=&#8220;50px&#8220; title_font_size_phone=&#8220;50px&#8220; title_font_size_last_edited=&#8220;on|desktop&#8220; title_text_shadow_style=&#8220;preset1&#8243; global_colors_info=&#8220;{}&#8220;][\/et_pb_heading][\/et_pb_column][\/et_pb_row][\/et_pb_section][et_pb_section fb_built=&#8220;1&#8243; _builder_version=&#8220;4.27.4&#8243; _module_preset=&#8220;default&#8220; global_colors_info=&#8220;{}&#8220;][et_pb_row _builder_version=&#8220;4.27.4&#8243; _module_preset=&#8220;default&#8220; global_colors_info=&#8220;{}&#8220;][et_pb_column type=&#8220;4_4&#8243; _builder_version=&#8220;4.27.4&#8243; _module_preset=&#8220;default&#8220; global_colors_info=&#8220;{}&#8220;][et_pb_text _builder_version=&#8220;4.27.4&#8243; _module_preset=&#8220;default&#8220; text_text_color=&#8220;#000000&#8243; global_colors_info=&#8220;{}&#8220;]<\/p>\n<p id=\"isPasted\" style=\"text-align: justify;\">Name des Diensteanbieters: Philipp Wolf<\/p>\n<p style=\"text-align: justify;\">\n<p style=\"text-align: justify;\">Anschrift, unter der der Diensteanbieter niedergelassen ist:<\/p>\n<p style=\"text-align: justify;\">Philipp Wolf<\/p>\n<p style=\"text-align: justify;\">Ahornring 10<\/p>\n<p style=\"text-align: justify;\">38468 Ehra-Lessien<\/p>\n<p style=\"text-align: justify;\">Deutschland<\/p>\n<p style=\"text-align: justify;\">\n<p style=\"text-align: justify;\">Tel. +49 17657720508<\/p>\n<p style=\"text-align: justify;\">\n<p style=\"text-align: justify;\">E-Mail<span>\u00a0<\/span><a data-fr-linked=\"true\" href=\"mailto:info@proamk.eu\">info@proamk.<\/a>de<\/p>\n<p style=\"text-align: justify;\">Internet:<span>\u00a0<\/span><a data-fr-linked=\"true\" href=\"https:\/\/www.proamk.eu\/\">www.proamk.<\/a>de<\/p>\n<p style=\"text-align: justify;\">\n<p style=\"text-align: justify;\">\n<p style=\"text-align: justify;\">Umsatzsteuer-ID (\u00a7 27a Umsatzsteuergesetz): DE 370280344<\/p>\n<p style=\"text-align: justify;\">\n<p style=\"text-align: justify;\">\n<p style=\"text-align: justify;\">Haftungshinweis<\/p>\n<p style=\"text-align: justify;\">\n<p style=\"text-align: justify;\">Philipp Wolf \u00fcbernimmt keinerlei Gew\u00e4hr f\u00fcr die Aktualit\u00e4t, Korrektheit, Vollst\u00e4ndigkeit oder Qualit\u00e4t der bereitgestellten, frei zug\u00e4nglichen, kostenfreien Informationen. Haftungsanspr\u00fcche gegen Philipp Wolf, welche sich auf Sch\u00e4den materieller oder ideeller Art beziehen, die durch die Nutzung der dargebotenen kostenfreien, frei zug\u00e4nglichen Informationen verursacht wurden, sind grunds\u00e4tzlich ausgeschlossen, sofern seitens Philipp Wolf kein nachweislich vors\u00e4tzliches oder grob fahrl\u00e4ssiges Verschulden vorliegt.<\/p>\n<p style=\"text-align: justify;\">\n<p style=\"text-align: justify;\">\n<p style=\"text-align: justify;\">\n<p style=\"text-align: justify;\">Schlichtung<\/p>\n<p style=\"text-align: justify;\">\n<p style=\"text-align: justify;\">Alternative Streitbeilegung gem\u00e4\u00df Art. 14 Abs. 1 ODR-VO und \u00a7 36 VSBG:<\/p>\n<p style=\"text-align: justify;\">Die Europ\u00e4ische Kommission stellt eine Plattform zur Online-Streitbeilegung (OS) bereit, die Sie unter<span>\u00a0<\/span><a data-fr-linked=\"true\" href=\"http:\/\/ec.europa.eu\/consumers\/odr\/\">http:\/\/ec.europa.eu\/consumers\/odr\/<\/a><span>\u00a0<\/span>finden. Zur Teilnahme an einem Streitbeilegungsverfahren vor einer Verbraucherschlichtungsstelle sind wir nicht verpflichtet und nicht bereit.<\/p>\n<p style=\"text-align: justify;\">\n<p style=\"text-align: justify;\">\n<p style=\"text-align: justify;\">\n<p style=\"text-align: justify;\">Copyright<\/p>\n<p style=\"text-align: justify;\">\n<p style=\"text-align: justify;\">S\u00e4mtliche angebotenen Informationen d\u00fcrfen \u2013 auch auszugsweise \u2013 nur mit schriftlicher Genehmigung Philipp Wolf weiter verbreitet oder anderweitig ver\u00f6ffentlicht werden<\/p>\n<p>[\/et_pb_text][\/et_pb_column][\/et_pb_row][\/et_pb_section]<\/p>\n","protected":false},"excerpt":{"rendered":"<p>Name des Diensteanbieters: Philipp Wolf Anschrift, unter der der Diensteanbieter niedergelassen ist: Philipp Wolf Ahornring 10 38468 Ehra-Lessien Deutschland Tel. +49 17657720508 E-Mail\u00a0info@proamk.de Internet:\u00a0www.proamk.de Umsatzsteuer-ID (\u00a7 27a Umsatzsteuergesetz): DE 370280344 Haftungshinweis Philipp Wolf \u00fcbernimmt keinerlei Gew\u00e4hr f\u00fcr die Aktualit\u00e4t, Korrektheit, Vollst\u00e4ndigkeit oder Qualit\u00e4t der bereitgestellten, frei zug\u00e4nglichen, kostenfreien Informationen. Haftungsanspr\u00fcche gegen Philipp Wolf, welche sich [&hellip;]<\/p>\n","protected":false},"author":1,"featured_media":0,"parent":0,"menu_order":0,"comment_status":"closed","ping_status":"closed","template":"","meta":{"_et_pb_use_builder":"on","_et_pb_old_content":"\n[gzd_complaints]","_et_gb_content_width":"","footnotes":""},"class_list":["post-338966","page","type-page","status-publish","hentry"],"_links":{"self":[{"href":"https:\/\/shop.proamk.de\/index.php?rest_route=\/wp\/v2\/pages\/338966","targetHints":{"allow":["GET"]}}],"collection":[{"href":"https:\/\/shop.proamk.de\/index.php?rest_route=\/wp\/v2\/pages"}],"about":[{"href":"https:\/\/shop.proamk.de\/index.php?rest_route=\/wp\/v2\/types\/page"}],"author":[{"embeddable":true,"href":"https:\/\/shop.proamk.de\/index.php?rest_route=\/wp\/v2\/users\/1"}],"replies":[{"embeddable":true,"href":"https:\/\/shop.proamk.de\/index.php?rest_route=%2Fwp%2Fv2%2Fcomments&post=338966"}],"version-history":[{"count":4,"href":"https:\/\/shop.proamk.de\/index.php?rest_route=\/wp\/v2\/pages\/338966\/revisions"}],"predecessor-version":[{"id":339723,"href":"https:\/\/shop.proamk.de\/index.php?rest_route=\/wp\/v2\/pages\/338966\/revisions\/339723"}],"wp:attachment":[{"href":"https:\/\/shop.proamk.de\/index.php?rest_route=%2Fwp%2Fv2%2Fmedia&parent=338966"}],"curies":[{"name":"wp","href":"https:\/\/api.w.org\/{rel}","templated":true}]}}