{"id":338959,"date":"2025-08-02T08:44:43","date_gmt":"2025-08-02T08:44:43","guid":{"rendered":"https:\/\/shop.proamk.de\/?page_id=338959"},"modified":"2025-11-10T08:05:30","modified_gmt":"2025-11-10T08:05:30","slug":"shop","status":"publish","type":"page","link":"https:\/\/shop.proamk.de\/","title":{"rendered":"Shop"},"content":{"rendered":"<p>[et_pb_section fb_built=&#8220;1&#8243; fullwidth=&#8220;on&#8220; admin_label=&#8220;Woo Fullwidth Slider Style 1 Main Section&#8220; _builder_version=&#8220;4.16&#8243; _module_preset=&#8220;default&#8220; hover_enabled=&#8220;0&#8243; global_colors_info=&#8220;{}&#8220; sticky_enabled=&#8220;0&#8243;][et_pb_fullwidth_slider module_class=&#8220;dp_wooslider_style1 dp-kenburns-top&#8220; _builder_version=&#8220;4.27.4&#8243; _module_preset=&#8220;default&#8220; header_font=&#8220;Poppins|600|||||||&#8220; header_font_size=&#8220;54px&#8220; header_line_height=&#8220;1.3em&#8220; body_font=&#8220;Poppins||||||||&#8220; custom_button=&#8220;on&#8220; button_text_color=&#8220;#FFFFFF&#8220; button_bg_color=&#8220;#0077b6&#8243; button_border_width=&#8220;0px&#8220; button_border_radius=&#8220;2px&#8220; button_font=&#8220;Poppins||||||||&#8220; button_use_icon=&#8220;off&#8220; text_orientation=&#8220;left&#8220; custom_padding_tablet=&#8220;&#8220; custom_padding_phone=&#8220;100px||100px||true|false&#8220; custom_padding_last_edited=&#8220;on|phone&#8220; hover_enabled=&#8220;0&#8243; header_font_size_tablet=&#8220;54px&#8220; header_font_size_phone=&#8220;45px&#8220; header_font_size_last_edited=&#8220;on|phone&#8220; text_orientation_tablet=&#8220;center&#8220; text_orientation_phone=&#8220;center&#8220; text_orientation_last_edited=&#8220;on|tablet&#8220; custom_css_slide_description=&#8220;text-shadow:none;||    width: 65%;||    margin-left: 0;&#8220; custom_css_slide_button=&#8220;margin-top:20px;||    -webkit-transition-duration: 0.5s;||    transition-duration: 0.5s;&#8220; global_colors_info=&#8220;{}&#8220; button_bg_color__hover_enabled=&#8220;on|hover&#8220; button_bg_color__hover=&#8220;#00b4de&#8220; button_bg_enable_color__hover=&#8220;on&#8220; custom_css_slide_description_last_edited=&#8220;on|tablet&#8220; custom_css_slide_description_tablet=&#8220;text-shadow:none;||    width: 100%;&#8220; custom_css_slide_description_phone=&#8220;text-shadow:none;||    width: 100%;&#8220; custom_css_slide_button__hover_enabled=&#8220;on|hover&#8220; custom_css_slide_button__hover=&#8220;-webkit-transform: scale(0.8);||    transform: scale(0.8);||    -webkit-transition-timing-function: cubic-bezier(0.47, 2.02, 0.31, -0.36);||    transition-timing-function: cubic-bezier(0.47, 2.02, 0.31, -0.36);||&#8220; sticky_enabled=&#8220;0&#8243;][et_pb_slide heading=&#8220;AMK \u2013 Wandverkleidung aus nat\u00fcrlichen Marmorsplitt f\u00fcr Fassaden und Innenr\u00e4ume&#8220; button_text=&#8220;zum Produkt&#8220; button_link=&#8220;@ET-DC@eyJkeW5hbWljIjp0cnVlLCJjb250ZW50IjoicG9zdF9saW5rX3VybF9wcm9kdWN0Iiwic2V0dGluZ3MiOnsicG9zdF9pZCI6IjMzOTYzOCJ9fQ==@&#8220; image=&#8220;https:\/\/shop.proamk.de\/wp-content\/uploads\/2025\/08\/amk_materials_images_2020_flemish_bond_241-scaled.png&#8220; use_bg_overlay=&#8220;on&#8220; use_text_overlay=&#8220;on&#8220; _builder_version=&#8220;4.27.4&#8243; _dynamic_attributes=&#8220;button_link&#8220; _module_preset=&#8220;default&#8220; header_font=&#8220;Poppins|600|||||||&#8220; body_text_color=&#8220;#FFFFFF&#8220; background_enable_color=&#8220;off&#8220; background_image=&#8220;https:\/\/shop.proamk.de\/wp-content\/uploads\/2025\/08\/\u0411\u0440\u0435\u043d\u0434\u0431\u0443\u043a_\u0410\u041c\u041a-4.png&#8220; background_enable_image=&#8220;on&#8220; parallax=&#8220;on&#8220; background_enable_mask_style=&#8220;on&#8220; background_mask_style=&#8220;triangles&#8220; background_mask_color=&#8220;rgba(255,255,255,0.23)&#8220; custom_button=&#8220;on&#8220; button_text_color=&#8220;gcid-primary-color&#8220; button_bg_color=&#8220;gcid-secondary-color&#8220; button_border_radius=&#8220;10px&#8220; button_use_icon=&#8220;on&#8220; button_icon=&#8220;&#x39;||divi||400&#8243; button_icon_color=&#8220;#000000&#8243; child_mix_blend_mode=&#8220;lighten&#8220; hover_enabled=&#8220;0&#8243; header_font_size_tablet=&#8220;&#8220; header_font_size_phone=&#8220;30px&#8220; header_font_size_last_edited=&#8220;on|phone&#8220; body_font_size_tablet=&#8220;&#8220; body_font_size_phone=&#8220;12px&#8220; body_font_size_last_edited=&#8220;on|phone&#8220; global_colors_info=&#8220;{%22gcid-primary-color%22:%91%22button_text_color%22%93,%22gcid-secondary-color%22:%91%22button_bg_color%22%93}&#8220; button_text_color__hover_enabled=&#8220;on|desktop&#8220; button_text_color__hover=&#8220;#FFFFFF&#8220; button_bg_color__hover_enabled=&#8220;on|hover&#8220; button_bg_color__hover=&#8220;#000000&#8243; button_bg_enable_color__hover=&#8220;on&#8220; button_icon_color__hover_enabled=&#8220;on|hover&#8220; button_icon_color__hover=&#8220;#FFFFFF&#8220; sticky_transition=&#8220;on&#8220; sticky_enabled=&#8220;0&#8243;]<\/p>\n<p>Tests haben gezeigt, dass AMK nicht in der Sonne ausbleicht und unempfindlich gegen\u00fcber Feuchtigkeit ist. Frostbest\u00e4ndigkeit \u2013 150 Zyklen (abh\u00e4ngig vom Klebstoff).<\/p>\n<p><span style=\"color: #ffcc00;\">bei Vorr\u00e4tig auf Lager<\/span><\/p>\n<h3><strong><span style=\"color: #339966;\">\u20ac193.50<\/span><\/strong><\/h3>\n<p>[\/et_pb_slide][et_pb_slide heading=&#8220;AMK \u2013 Wandverkleidung 5x schneller&#8220; button_text=&#8220;zum Produkt&#8220; button_link=&#8220;@ET-DC@eyJkeW5hbWljIjp0cnVlLCJjb250ZW50IjoicG9zdF9saW5rX3VybF9wcm9kdWN0Iiwic2V0dGluZ3MiOnsicG9zdF9pZCI6IjMzOTM1NSJ9fQ==@&#8220; image=&#8220;https:\/\/shop.proamk.de\/wp-content\/uploads\/2025\/08\/amk_materials_images_2020_brick_322-scaled.png&#8220; use_bg_overlay=&#8220;on&#8220; use_text_overlay=&#8220;on&#8220; _builder_version=&#8220;4.27.4&#8243; _dynamic_attributes=&#8220;button_link&#8220; _module_preset=&#8220;default&#8220; header_font=&#8220;Poppins|600|||||||&#8220; body_text_color=&#8220;#FFFFFF&#8220; background_enable_color=&#8220;off&#8220; background_image=&#8220;https:\/\/shop.proamk.de\/wp-content\/uploads\/2025\/11\/DSC_0301-scaled.jpg&#8220; background_enable_image=&#8220;on&#8220; parallax=&#8220;on&#8220; background_enable_mask_style=&#8220;on&#8220; background_mask_style=&#8220;triangles&#8220; background_mask_color=&#8220;rgba(255,255,255,0.23)&#8220; custom_button=&#8220;on&#8220; button_text_color=&#8220;gcid-primary-color&#8220; button_bg_color=&#8220;gcid-secondary-color&#8220; button_border_radius=&#8220;10px&#8220; button_use_icon=&#8220;on&#8220; button_icon=&#8220;&#x39;||divi||400&#8243; button_icon_color=&#8220;#000000&#8243; child_mix_blend_mode=&#8220;lighten&#8220; hover_enabled=&#8220;0&#8243; header_font_size_tablet=&#8220;&#8220; header_font_size_phone=&#8220;30px&#8220; header_font_size_last_edited=&#8220;on|phone&#8220; body_font_size_tablet=&#8220;&#8220; body_font_size_phone=&#8220;11px&#8220; body_font_size_last_edited=&#8220;on|phone&#8220; global_colors_info=&#8220;{%22gcid-primary-color%22:%91%22button_text_color%22,%22button_text_color%22%93,%22gcid-secondary-color%22:%91%22button_bg_color%22,%22button_bg_color%22,%22button_bg_color__hover%22%93}&#8220; button_text_color__hover_enabled=&#8220;on|desktop&#8220; button_text_color__hover=&#8220;#FFFFFF&#8220; button_bg_color__hover_enabled=&#8220;on|hover&#8220; button_bg_color__hover=&#8220;#000000&#8243; button_bg_enable_color__hover=&#8220;on&#8220; button_icon_color__hover=&#8220;#FFFFFF&#8220; button_icon_color__hover_enabled=&#8220;on|hover&#8220; sticky_transition=&#8220;on&#8220; title_text=&#8220;DSC_0301&#8243; sticky_enabled=&#8220;0&#8243;]<\/p>\n<p>Mit den AMK Matten\u00a0 kann ein erfahrener Fachmann die Montage bis zu 5 Mal schneller durchf\u00fchren als mit anderen Materialien..<\/p>\n<p><span style=\"color: #ffcc00;\">bei Vorr\u00e4tig auf Lager<\/span><\/p>\n<h3><strong><span style=\"color: #339966;\">\u20ac193.50<\/span><\/strong><\/h3>\n<p>[\/et_pb_slide][et_pb_slide heading=&#8220;AMK \u2013 Wandverkleidung ist g\u00fcnstiger als Vergleichbare Fassadensysteme&#8220; button_text=&#8220;zum Produkt&#8220; button_link=&#8220;@ET-DC@eyJkeW5hbWljIjp0cnVlLCJjb250ZW50IjoicG9zdF9saW5rX3VybF9wcm9kdWN0Iiwic2V0dGluZ3MiOnsicG9zdF9pZCI6IjMzOTA1OSJ9fQ==@&#8220; image=&#8220;https:\/\/shop.proamk.de\/wp-content\/uploads\/2025\/08\/amk_materials_images_2020_brick_100-scaled.png&#8220; use_bg_overlay=&#8220;on&#8220; use_text_overlay=&#8220;on&#8220; _builder_version=&#8220;4.27.4&#8243; _dynamic_attributes=&#8220;button_link&#8220; _module_preset=&#8220;default&#8220; header_font=&#8220;Poppins|600|||||||&#8220; header_font_size=&#8220;54px&#8220; body_text_color=&#8220;#FFFFFF&#8220; background_enable_color=&#8220;off&#8220; background_image=&#8220;https:\/\/shop.proamk.de\/wp-content\/uploads\/2025\/08\/300_3-scaled.png&#8220; background_enable_image=&#8220;on&#8220; parallax=&#8220;on&#8220; background_enable_mask_style=&#8220;on&#8220; background_mask_style=&#8220;triangles&#8220; background_mask_color=&#8220;rgba(255,255,255,0.23)&#8220; custom_button=&#8220;on&#8220; button_text_color=&#8220;gcid-primary-color&#8220; button_bg_color=&#8220;gcid-secondary-color&#8220; button_border_radius=&#8220;10px&#8220; button_use_icon=&#8220;on&#8220; button_icon=&#8220;&#x39;||divi||400&#8243; button_icon_color=&#8220;#000000&#8243; child_mix_blend_mode=&#8220;lighten&#8220; hover_enabled=&#8220;0&#8243; header_font_size_tablet=&#8220;54px&#8220; header_font_size_phone=&#8220;30px&#8220; header_font_size_last_edited=&#8220;on|phone&#8220; body_font_size_tablet=&#8220;&#8220; body_font_size_phone=&#8220;12px&#8220; body_font_size_last_edited=&#8220;on|phone&#8220; global_colors_info=&#8220;{%22gcid-primary-color%22:%91%22button_text_color%22,%22button_text_color%22,%22button_text_color%22%93,%22gcid-secondary-color%22:%91%22button_bg_color%22,%22button_bg_color%22,%22button_bg_color%22,%22button_bg_color__hover%22%93}&#8220; button_text_color__hover_enabled=&#8220;on|desktop&#8220; button_text_color__hover=&#8220;#FFFFFF&#8220; button_bg_color__hover_enabled=&#8220;on|hover&#8220; button_bg_color__hover=&#8220;#000000&#8243; button_bg_enable_color__hover=&#8220;on&#8220; button_icon_color__hover=&#8220;#FFFFFF&#8220; button_icon_color__hover_enabled=&#8220;on|hover&#8220; sticky_transition=&#8220;on&#8220; title_text=&#8220;300_3&#8243; sticky_enabled=&#8220;0&#8243;]<\/p>\n<p>AMK ist g\u00fcnstiger als viele andere Verkleidungsmaterialien, \u00fcbertrifft diese jedoch in puncto Qualit\u00e4t und Langlebigkeit.<\/p>\n<p><span style=\"color: #ffcc00;\">bei Vorr\u00e4tig auf Lager<\/span><\/p>\n<h3><strong><span style=\"color: #339966;\">\u20ac193.50<\/span><\/strong><\/h3>\n<p>[\/et_pb_slide][et_pb_slide heading=&#8220;AMK ist auf vielen Untergr\u00fcnden Anwendbar&#8220; button_text=&#8220;zum Produkt&#8220; button_link=&#8220;@ET-DC@eyJkeW5hbWljIjp0cnVlLCJjb250ZW50IjoicG9zdF9saW5rX3VybF9wcm9kdWN0Iiwic2V0dGluZ3MiOnsicG9zdF9pZCI6IjMzOTYzMSJ9fQ==@&#8220; image=&#8220;https:\/\/shop.proamk.de\/wp-content\/uploads\/2025\/08\/amk_materials_images_2020_flemish_bond_200-scaled.png&#8220; use_bg_overlay=&#8220;on&#8220; use_text_overlay=&#8220;on&#8220; _builder_version=&#8220;4.27.4&#8243; _dynamic_attributes=&#8220;button_link&#8220; _module_preset=&#8220;default&#8220; header_font=&#8220;Poppins|600|||||||&#8220; body_text_color=&#8220;#FFFFFF&#8220; background_enable_color=&#8220;off&#8220; background_image=&#8220;https:\/\/shop.proamk.de\/wp-content\/uploads\/2025\/11\/brick-200-interior.jpg&#8220; background_enable_image=&#8220;on&#8220; parallax=&#8220;on&#8220; background_enable_mask_style=&#8220;on&#8220; background_mask_style=&#8220;triangles&#8220; background_mask_color=&#8220;rgba(255,255,255,0.23)&#8220; custom_button=&#8220;on&#8220; button_text_color=&#8220;gcid-primary-color&#8220; button_bg_color=&#8220;gcid-secondary-color&#8220; button_border_radius=&#8220;10px&#8220; button_use_icon=&#8220;on&#8220; button_icon=&#8220;&#x39;||divi||400&#8243; button_icon_color=&#8220;#000000&#8243; child_mix_blend_mode=&#8220;lighten&#8220; hover_enabled=&#8220;0&#8243; header_font_size_tablet=&#8220;&#8220; header_font_size_phone=&#8220;30px&#8220; header_font_size_last_edited=&#8220;on|phone&#8220; body_font_size_tablet=&#8220;&#8220; body_font_size_phone=&#8220;12px&#8220; body_font_size_last_edited=&#8220;on|phone&#8220; global_colors_info=&#8220;{%22gcid-primary-color%22:%91%22button_text_color%22,%22button_text_color%22%93,%22gcid-secondary-color%22:%91%22button_bg_color%22,%22button_bg_color%22,%22button_bg_color__hover%22%93}&#8220; button_text_color__hover_enabled=&#8220;on|desktop&#8220; button_text_color__hover=&#8220;#FFFFFF&#8220; button_bg_color__hover_enabled=&#8220;on|hover&#8220; button_bg_color__hover=&#8220;#000000&#8243; button_bg_enable_color__hover=&#8220;on&#8220; button_icon_color__hover=&#8220;#FFFFFF&#8220; button_icon_color__hover_enabled=&#8220;on|hover&#8220; sticky_transition=&#8220;on&#8220; title_text=&#8220;brick 200 interior&#8220; sticky_enabled=&#8220;0&#8243;]<\/p>\n<p>Die Montage von AMK kann auf vielen Untergr\u00fcnden angewendet werden. Das kann sogar direkt auf Gasbeton oder Porenbeton geklebt werden. Eine Grundierung ist hier als Sperrgrund ausreichend. man muss den Untergrund vorher nat\u00fcrlich von groben Verunreinigungen wie Klebereste befreien.<\/p>\n<p>Durch den Einsatz von AMK Wandverkleidung sparen Sie enorm viel Geld gg\u00fc. dem echten Klinkerstein beim erhalt von Optik und Robustheit.<\/p>\n<p><span style=\"color: #ffcc00;\">bei Vorr\u00e4tig auf Lager<\/span><\/p>\n<h3><strong><span style=\"color: #339966;\">\u20ac193.50<\/span><\/strong><\/h3>\n<p>[\/et_pb_slide][\/et_pb_fullwidth_slider][\/et_pb_section][et_pb_section fb_built=&#8220;1&#8243; _builder_version=&#8220;4.27.4&#8243; _module_preset=&#8220;default&#8220; background_color=&#8220;gcid-26b301c4-802e-4ae0-a78d-48226d8c58f0&#8243; custom_margin=&#8220;0px||0px||false|false&#8220; custom_padding=&#8220;0px||0px||false|false&#8220; global_colors_info=&#8220;{%22gcid-26b301c4-802e-4ae0-a78d-48226d8c58f0%22:%91%22background_color%22%93}&#8220;][et_pb_row column_structure=&#8220;1_2,1_2&#8243; _builder_version=&#8220;4.27.4&#8243; _module_preset=&#8220;default&#8220; global_colors_info=&#8220;{}&#8220;][et_pb_column type=&#8220;1_2&#8243; _builder_version=&#8220;4.27.4&#8243; _module_preset=&#8220;default&#8220; global_colors_info=&#8220;{}&#8220;][et_pb_text _builder_version=&#8220;4.27.4&#8243; _module_preset=&#8220;default&#8220; header_4_font=&#8220;|700||on|||||&#8220; header_4_text_align=&#8220;left&#8220; width=&#8220;100%&#8220; width_tablet=&#8220;100%&#8220; width_phone=&#8220;&#8220; width_last_edited=&#8220;on|phone&#8220; header_4_text_align_tablet=&#8220;left&#8220; header_4_text_align_phone=&#8220;left&#8220; header_4_text_align_last_edited=&#8220;on|phone&#8220; global_colors_info=&#8220;{}&#8220;]<\/p>\n<h4>Produkte<\/h4>\n<p>[\/et_pb_text][\/et_pb_column][et_pb_column type=&#8220;1_2&#8243; _builder_version=&#8220;4.27.4&#8243; _module_preset=&#8220;default&#8220; global_colors_info=&#8220;{}&#8220;][et_pb_menu menu_id=&#8220;119&#8243; active_link_color=&#8220;gcid-secondary-color&#8220; dropdown_menu_bg_color=&#8220;gcid-26b301c4-802e-4ae0-a78d-48226d8c58f0&#8243; dropdown_menu_line_color=&#8220;gcid-26b301c4-802e-4ae0-a78d-48226d8c58f0&#8243; dropdown_menu_text_color=&#8220;#000000&#8243; dropdown_menu_active_link_color=&#8220;gcid-secondary-color&#8220; mobile_menu_bg_color=&#8220;gcid-26b301c4-802e-4ae0-a78d-48226d8c58f0&#8243; mobile_menu_text_color=&#8220;#000000&#8243; logo_width=&#8220;10%&#8220; show_cart_icon=&#8220;off&#8220; menu_icon_font_size=&#8220;40px&#8220; mobile_menu_text_color_tablet=&#8220;#000000&#8243; mobile_menu_text_color_phone=&#8220;#000000&#8243; mobile_menu_text_color_last_edited=&#8220;on|desktop&#8220; logo_width_tablet=&#8220;17%&#8220; logo_width_phone=&#8220;35%&#8220; logo_width_last_edited=&#8220;on|phone&#8220; _builder_version=&#8220;4.27.4&#8243; _module_preset=&#8220;default&#8220; menu_font=&#8220;|600||on|||||&#8220; menu_text_color=&#8220;#000000&#8243; background_color=&#8220;RGBA(255,255,255,0)&#8220; transform_scale_tablet=&#8220;&#8220; transform_scale_phone=&#8220;&#8220; transform_scale_last_edited=&#8220;on|desktop&#8220; transform_translate=&#8220;-300px|0px&#8220; transform_translate_tablet=&#8220;78px|-73px&#8220; transform_translate_phone=&#8220;41px|-83px&#8220; transform_translate_last_edited=&#8220;on|tablet&#8220; transform_translate_linked=&#8220;off&#8220; transform_rotate_tablet=&#8220;&#8220; transform_rotate_phone=&#8220;&#8220; transform_rotate_last_edited=&#8220;on|desktop&#8220; transform_skew_tablet=&#8220;&#8220; transform_skew_phone=&#8220;&#8220; transform_skew_last_edited=&#8220;on|desktop&#8220; transform_origin_tablet=&#8220;&#8220; transform_origin_phone=&#8220;&#8220; transform_origin_last_edited=&#8220;on|desktop&#8220; transform_styles_last_edited=&#8220;on|tablet&#8220; custom_margin=&#8220;0px|0px|0px|0px|false|false&#8220; custom_margin_tablet=&#8220;0px||0px||false|false&#8220; custom_margin_phone=&#8220;0px||0px||false|false&#8220; custom_margin_last_edited=&#8220;on|phone&#8220; custom_padding=&#8220;0px|0px|0px|0px|false|false&#8220; custom_padding_tablet=&#8220;16px||8px||false|false&#8220; custom_padding_phone=&#8220;16px||16px||false|false&#8220; custom_padding_last_edited=&#8220;on|tablet&#8220; transform_styles_tablet=&#8220;&#8220; transform_styles_phone=&#8220;&#8220; global_colors_info=&#8220;{%22gcid-secondary-color%22:%91%22active_link_color%22,%22menu_text_color__hover%22,%22mobile_menu_text_color__hover%22,%22dropdown_menu_active_link_color%22%93,%22gcid-eb18e256-12d2-4516-8419-602ee03df75a%22:%91%22active_link_color__hover%22%93,%22gcid-26b301c4-802e-4ae0-a78d-48226d8c58f0%22:%91%22dropdown_menu_bg_color%22,%22dropdown_menu_line_color%22,%22mobile_menu_bg_color%22%93}&#8220; active_link_color__hover=&#8220;rgba(253,197,0,0.74)&#8220; active_link_color__hover_enabled=&#8220;on|hover&#8220; mobile_menu_text_color__hover=&#8220;#fdc500&#8243; mobile_menu_text_color__hover_enabled=&#8220;on|hover&#8220; menu_text_color__hover=&#8220;#fdc500&#8243; menu_text_color__hover_enabled=&#8220;on|hover&#8220; menu_font_size__hover=&#8220;16px&#8220; menu_font_size__hover_enabled=&#8220;on|hover&#8220; menu_letter_spacing__hover=&#8220;1px&#8220; menu_letter_spacing__hover_enabled=&#8220;on|hover&#8220;][\/et_pb_menu][\/et_pb_column][\/et_pb_row][\/et_pb_section][et_pb_section fb_built=&#8220;1&#8243; _builder_version=&#8220;4.27.4&#8243; _module_preset=&#8220;default&#8220; global_colors_info=&#8220;{}&#8220;][et_pb_row column_structure=&#8220;1_4,3_4&#8243; _builder_version=&#8220;4.27.4&#8243; _module_preset=&#8220;default&#8220; global_colors_info=&#8220;{}&#8220;][et_pb_column type=&#8220;1_4&#8243; _builder_version=&#8220;4.27.4&#8243; _module_preset=&#8220;default&#8220; global_colors_info=&#8220;{}&#8220;][et_pb_sidebar _builder_version=&#8220;4.27.4&#8243; _module_preset=&#8220;default&#8220; global_colors_info=&#8220;{}&#8220;][\/et_pb_sidebar][\/et_pb_column][et_pb_column type=&#8220;3_4&#8243; _builder_version=&#8220;4.27.4&#8243; _module_preset=&#8220;default&#8220; global_colors_info=&#8220;{}&#8220;][et_pb_shop show_pagination=&#8220;on&#8220; icon_hover_color=&#8220;gcid-secondary-color&#8220; hover_overlay_color=&#8220;rgba(0,0,0,0.32)&#8220; hover_icon=&#8220;&#xf217;||fa||900&#8243; _builder_version=&#8220;4.27.4&#8243; _module_preset=&#8220;default&#8220; title_font=&#8220;|600|||||||&#8220; title_letter_spacing=&#8220;1px&#8220; price_font=&#8220;|700|||||||&#8220; price_text_color=&#8220;gcid-d4ff7bb4-b862-4e31-b589-fb1b58df6769&#8243; rating_text_color=&#8220;gcid-secondary-color&#8220; rating_font_size=&#8220;10px&#8220; text_orientation=&#8220;center&#8220; global_colors_info=&#8220;{%22gcid-secondary-color%22:%91%22icon_hover_color%22,%22rating_text_color%22%93,%22gcid-d4ff7bb4-b862-4e31-b589-fb1b58df6769%22:%91%22price_text_color%22%93}&#8220;][\/et_pb_shop][\/et_pb_column][\/et_pb_row][\/et_pb_section]<\/p>\n","protected":false},"excerpt":{"rendered":"<p>Tests haben gezeigt, dass AMK nicht in der Sonne ausbleicht und unempfindlich gegen\u00fcber Feuchtigkeit ist. Frostbest\u00e4ndigkeit \u2013 150 Zyklen (abh\u00e4ngig vom Klebstoff). bei Vorr\u00e4tig auf Lager \u20ac193.50Mit den AMK Matten\u00a0 kann ein erfahrener Fachmann die Montage bis zu 5 Mal schneller durchf\u00fchren als mit anderen Materialien.. bei Vorr\u00e4tig auf Lager \u20ac193.50AMK ist g\u00fcnstiger als viele [&hellip;]<\/p>\n","protected":false},"author":1,"featured_media":0,"parent":0,"menu_order":0,"comment_status":"closed","ping_status":"closed","template":"","meta":{"_et_pb_use_builder":"on","_et_pb_old_content":"","_et_gb_content_width":"","footnotes":""},"class_list":["post-338959","page","type-page","status-publish","hentry"],"_links":{"self":[{"href":"https:\/\/shop.proamk.de\/index.php?rest_route=\/wp\/v2\/pages\/338959","targetHints":{"allow":["GET"]}}],"collection":[{"href":"https:\/\/shop.proamk.de\/index.php?rest_route=\/wp\/v2\/pages"}],"about":[{"href":"https:\/\/shop.proamk.de\/index.php?rest_route=\/wp\/v2\/types\/page"}],"author":[{"embeddable":true,"href":"https:\/\/shop.proamk.de\/index.php?rest_route=\/wp\/v2\/users\/1"}],"replies":[{"embeddable":true,"href":"https:\/\/shop.proamk.de\/index.php?rest_route=%2Fwp%2Fv2%2Fcomments&post=338959"}],"version-history":[{"count":21,"href":"https:\/\/shop.proamk.de\/index.php?rest_route=\/wp\/v2\/pages\/338959\/revisions"}],"predecessor-version":[{"id":340754,"href":"https:\/\/shop.proamk.de\/index.php?rest_route=\/wp\/v2\/pages\/338959\/revisions\/340754"}],"wp:attachment":[{"href":"https:\/\/shop.proamk.de\/index.php?rest_route=%2Fwp%2Fv2%2Fmedia&parent=338959"}],"curies":[{"name":"wp","href":"https:\/\/api.w.org\/{rel}","templated":true}]}}